{"id":119,"date":"2017-01-26T16:34:49","date_gmt":"2017-01-26T15:34:49","guid":{"rendered":"http:\/\/s944816640.onlinehome.fr\/Letouquet-deauville-paris\/?page_id=119"},"modified":"2023-08-19T14:45:13","modified_gmt":"2023-08-19T12:45:13","slug":"contact","status":"publish","type":"page","link":"http:\/\/rallye-routedesvins.com\/en\/contact\/","title":{"rendered":"Contact us"},"content":{"rendered":"<h1 style=\"margin-bottom:30px\">Contact the organizers<\/h1>\r\n\r\nFor any questions about the the rally or your registration and preparedness events: contact the Rally Rallye Entre 2 Mers team.\r\n<div class=\"su-spacer\" style=\"height:30px\"><\/div>\r\n<div class=\"su-row\">\r\n<div class=\"su-column su-column-size-3-5\"><div class=\"su-column-inner su-u-clearfix su-u-trim\">\r\n<h2>By e-mail<\/h2>\r\n<hr>\r\nWrite to <a href=\"mailto:info@cyrilneveupromotion.com\">info@cyrilneveupromotion.com<\/a> or use the form below:\r\n<div class=\"su-spacer\" style=\"height:10px\"><\/div>\r\n<link rel='stylesheet' id='formidable-css' href='http:\/\/rallye-routedesvins.com\/wp-content\/plugins\/formidable\/css\/formidableforms.css?ver=9141752' type='text\/css' media='all' \/>\n<div class=\"frm_forms  with_frm_style frm_style_formidable-style\" id=\"frm_form_3_container\" >\n<form enctype=\"multipart\/form-data\" method=\"post\" class=\"frm-show-form \" id=\"form_contact-form\" >\n<div class=\"frm_form_fields \">\n<fieldset>\n<legend class=\"frm_screen_reader\">Contact Us<\/legend>\r\n\r\n<div class=\"frm_fields_container\">\n<input type=\"hidden\" name=\"frm_action\" value=\"create\" \/>\n<input type=\"hidden\" name=\"form_id\" value=\"3\" \/>\n<input type=\"hidden\" name=\"frm_hide_fields_3\" id=\"frm_hide_fields_3\" value=\"\" \/>\n<input type=\"hidden\" name=\"form_key\" value=\"contact-form\" \/>\n<input type=\"hidden\" name=\"item_meta[0]\" value=\"\" \/>\n<input type=\"hidden\" id=\"frm_submit_entry_3\" name=\"frm_submit_entry_3\" value=\"ab10d6fffc\" \/><input type=\"hidden\" name=\"_wp_http_referer\" value=\"\/en\/wp-json\/wp\/v2\/pages\/119\" \/><div id=\"frm_field_12_container\" class=\"frm_form_field form-field  frm_required_field frm_top_container frm_first frm_half\">\r\n    <label for=\"field_qh4icy2\" class=\"frm_primary_label\">Name\r\n        <span class=\"frm_required\"><\/span>\r\n    <\/label>\r\n    <input type=\"text\" id=\"field_qh4icy2\" name=\"item_meta[12]\" value=\"\"  data-reqmsg=\"Ce champ ne peut pas \u00eatre vide\" aria-required=\"true\" data-invmsg=\"Name est non valide\" aria-invalid=\"false\"   aria-describedby=\"frm_desc_field_qh4icy2\"\/>\r\n    <div class=\"frm_description\" id=\"frm_desc_field_qh4icy2\">First<\/div>\r\n    \r\n<\/div>\n<div id=\"frm_field_13_container\" class=\"frm_form_field form-field  frm_required_field frm_hidden_container frm_half\">\r\n    <label for=\"field_ocfup12\" class=\"frm_primary_label\">Last\r\n        <span class=\"frm_required\"><\/span>\r\n    <\/label>\r\n    <input type=\"text\" id=\"field_ocfup12\" name=\"item_meta[13]\" value=\"\"  data-reqmsg=\"Ce champ ne peut pas \u00eatre vide\" aria-required=\"true\" data-invmsg=\"Last est non valide\" aria-invalid=\"false\"   aria-describedby=\"frm_desc_field_ocfup12\"\/>\r\n    <div class=\"frm_description\" id=\"frm_desc_field_ocfup12\">Last<\/div>\r\n    \r\n<\/div>\n<div id=\"frm_field_14_container\" class=\"frm_form_field form-field  frm_required_field frm_top_container frm_full\">\r\n    <label for=\"field_29yf4d2\" class=\"frm_primary_label\">Email\r\n        <span class=\"frm_required\"><\/span>\r\n    <\/label>\r\n    <input type=\"email\" id=\"field_29yf4d2\" name=\"item_meta[14]\" value=\"\"  data-reqmsg=\"Ce champ ne peut pas \u00eatre vide\" aria-required=\"true\" data-invmsg=\"Please enter a valid email address\" aria-invalid=\"false\"  \/>\r\n    \r\n    \r\n<\/div>\n<div id=\"frm_field_15_container\" class=\"frm_form_field form-field  frm_required_field frm_top_container frm_full\">\r\n    <label for=\"field_e6lis62\" class=\"frm_primary_label\">Subject\r\n        <span class=\"frm_required\"><\/span>\r\n    <\/label>\r\n    <input type=\"text\" id=\"field_e6lis62\" name=\"item_meta[15]\" value=\"\"  data-reqmsg=\"Ce champ ne peut pas \u00eatre vide\" aria-required=\"true\" data-invmsg=\"Subject est non valide\" aria-invalid=\"false\"  \/>\r\n    \r\n    \r\n<\/div>\n<div id=\"frm_field_16_container\" class=\"frm_form_field form-field  frm_required_field frm_top_container frm_full\">\r\n    <label for=\"field_9jv0r12\" class=\"frm_primary_label\">Message\r\n        <span class=\"frm_required\"><\/span>\r\n    <\/label>\r\n    <textarea name=\"item_meta[16]\" id=\"field_9jv0r12\" rows=\"5\"  data-reqmsg=\"Ce champ ne peut pas \u00eatre vide\" aria-required=\"true\" data-invmsg=\"Message is invalid\" aria-invalid=\"false\"  ><\/textarea>\r\n    \r\n    \r\n<\/div>\n<div id=\"frm_field_18_container\" class=\"frm_form_field form-field  frm_none_container vertical_radio\">\r\n    <label for=\"field_r1y2r\" class=\"frm_primary_label\">Check this box to be informed of the operations of Cyril Neveu Promotion\r\n        <span class=\"frm_required\"><\/span>\r\n    <\/label>\r\n    <div class=\"frm_opt_container\">\t\t<div class=\"frm_checkbox\" id=\"frm_checkbox_18-0\">\t\t\t<label  for=\"field_r1y2r-0\">\n\t\t\t<input type=\"checkbox\" name=\"item_meta[18][]\" id=\"field_r1y2r-0\" value=\"Check this box to be informed of the operations of Cyril Neveu Promotion\"  data-invmsg=\"Check this box to be informed of the operations of Cyril Neveu Promotion is invalid\" aria-invalid=\"false\"   \/> Check this box to be informed of the operations of Cyril Neveu Promotion<\/label><\/div>\n<\/div>\r\n    \r\n    \r\n<\/div>\n<div id=\"frm_field_20_container\" class=\"frm_form_field form-field  frm_none_container\">\n    <label for=\"g-recaptcha-response\" id=\"field_rcjyr_label\" class=\"frm_primary_label\">reCAPTCHA\n        <span class=\"frm_required\" aria-hidden=\"true\"><\/span>\n    <\/label>\n    <div  id=\"field_rcjyr\" class=\"g-recaptcha\" data-sitekey=\"6LeC0hgnAAAAABBMP8yb98kcxh_lF2qm1v4UkLAf\" data-size=\"invisible\" data-theme=\"light\" data-callback=\"frmAfterRecaptcha\"><\/div>\n    \n    \n<\/div>\n\t<input type=\"hidden\" name=\"item_key\" value=\"\" \/>\n\t\t\t\t<div class=\"frm__66047a8899c5e\">\n\t\t\t\t<label for=\"frm_email_3\" >\n\t\t\t\t\tIf you are human, leave this field blank.\t\t\t\t<\/label>\n\t\t\t\t<input  id=\"frm_email_3\" type=\"text\" class=\"frm_verify\" name=\"frm__66047a8899c5e\" value=\"\" autocomplete=\"off\"  \/>\n\t\t\t<\/div>\n\t\t<div class=\"frm_submit\">\r\n\r\n<button class=\"frm_button_submit\" type=\"submit\"  >Envoyer<\/button>\r\n\r\n<\/div><\/div>\n<\/fieldset>\n<\/div>\n<\/form>\n<\/div>\n\r\n\r\n<\/div><\/div>\r\n<div class=\"su-column su-column-size-2-5\"><div class=\"su-column-inner su-u-clearfix su-u-trim\">\r\n<h2>By phone<\/h2>\r\n<hr>\r\n\r\n<strong>Cyril NEVEU :<\/strong>\r\n<a href=\"http:\/\/rallye-routedesvins.com\" class=\"su-button su-button-style-default su-buttonpointer su-button-wide\" style=\"color:#C72F36;background-color:#fafafa;border-color:#c8c8c8;border-radius:6px\" target=\"_self\"><span style=\"color:#C72F36;padding:6px 18px;font-size:14px;line-height:21px;border-color:#fcfcfc;border-radius:6px;text-shadow:none\"><i class=\"sui sui-phone\" style=\"font-size:14px;color:#CC4625\"><\/i> +33 (0)6 80 96 57 85<\/span><\/a>\r\n\r\n<strong>Julie BROCHARD :<\/strong>\r\n<a href=\"http:\/\/rallye-routedesvins.com\" class=\"su-button su-button-style-default su-buttonpointer su-button-wide\" style=\"color:#C72F36;background-color:#fafafa;border-color:#c8c8c8;border-radius:6px\" target=\"_self\"><span style=\"color:#C72F36;padding:6px 18px;font-size:14px;line-height:21px;border-color:#fcfcfc;border-radius:6px;text-shadow:none\"><i class=\"sui sui-phone\" style=\"font-size:14px;color:#CC4625\"><\/i> +33 (0)6 81 04 84 56<\/span><\/a>\r\n\r\n\r\n<h2>By mail<\/h2>\r\n<hr>\r\nWrite to:\r\n\r\n<p style=\"text-align:center\"><strong>CYRIL NEVEU PROMOTION<\/strong>\r\n14 Rue Anatole France\r\nLa D\u00e9fense, 92800 Puteaux\r\nFRANCE<\/p>\r\n<\/div><\/div>\r\n<\/div>\r\n<em style=\"font-size: 1em; line-height: 1em; color: #888;\">Les informations recueillies sur ce formulaire sont enregistr\u00e9es dans un fichier informatis\u00e9 par Cyril Neveu Promotion pour la gestion de la client\u00e8le Cyril Neveu Promotion, les r\u00e9ponses suite aux messages re\u00e7us de la part des internautes et l&#8217;information de ces derniers en cas d&#8217;op\u00e9rations commerciales organis\u00e9es par Cyril Neveu Promotion.\r\n<br>\r\nElles sont conserv\u00e9es pendant 2 \u00e0 3 ans et sont destin\u00e9es au service marketing &#8211; communication et au service commercial Cyril Neveu Promotion \u00e9tablis au sein de l&#8217;Union Europ\u00e9enne.\r\n<br>\r\nConform\u00e9ment \u00e0 <a href=\"https:\/\/www.cnil.fr\/fr\/loi-78-17-du-6-janvier-1978-modifiee\" rel=\"noopener\" target=\"_blank\">la loi \u00ab informatique et libert\u00e9s \u00bb<\/a>, vous pouvez exercer votre droit d&#8217;acc\u00e8s aux donn\u00e9es vous concernant et les faire rectifier en contactant : Pour toute demande li\u00e9e \u00e0 vos donn\u00e9es personnelles, \u00e0 leur utilisation et \u00e0 leur conservation, merci de contacter Monsieur Cyril NEVEU via le formulaire de contact du site <a href=\"http:\/\/www.cyrilneveupromotion.com\/contact\/\" rel=\"noopener\" target=\"_blank\">Cyrilneveupromotion.com<\/a>.\r\n<br>\r\nNous vous informons de l\u2019existence de la liste d&#8217;opposition au d\u00e9marchage t\u00e9l\u00e9phonique \u00ab Bloctel \u00bb, sur laquelle vous pouvez vous inscrire ici : <a href=\"https:\/\/conso.bloctel.fr\/\" rel=\"noopener\" target=\"_blank\">https:\/\/conso.bloctel.fr\/<\/a><\/em>","protected":false},"excerpt":{"rendered":"<p>Contact the organizers For any questions about the the rally or your registration and preparedness events: contact the Rally Rallye Entre 2 Mers team. Les informations recueillies sur ce formulaire sont enregistr\u00e9es dans un fichier informatis\u00e9 par Cyril Neveu Promotion pour la gestion de la client\u00e8le Cyril Neveu Promotion, les r\u00e9ponses suite aux messages re\u00e7us [&hellip;]<\/p>\n","protected":false},"author":4,"featured_media":0,"parent":0,"menu_order":0,"comment_status":"closed","ping_status":"closed","template":"","meta":{"footnotes":""},"class_list":["post-119","page","type-page","status-publish","hentry","post"],"translation":{"provider":"WPGlobus","version":"3.0.0","language":"en","enabled_languages":["fr","en"],"languages":{"fr":{"title":true,"content":true,"excerpt":false},"en":{"title":true,"content":true,"excerpt":false}}},"yoast_head":"<!-- This site is optimized with the Yoast SEO plugin v23.4 - https:\/\/yoast.com\/wordpress\/plugins\/seo\/ -->\n<title>Contact us - Rally Route des Vins<\/title>\n<meta name=\"robots\" content=\"index, follow, max-snippet:-1, max-image-preview:large, max-video-preview:-1\" \/>\n<link rel=\"canonical\" href=\"http:\/\/rallye-routedesvins.com\/contact\/\" \/>\n<meta property=\"og:locale\" content=\"en_US\" \/>\n<meta property=\"og:type\" content=\"article\" \/>\n<meta property=\"og:title\" content=\"Contact us - Rally Route des Vins\" \/>\n<meta property=\"og:url\" content=\"http:\/\/rallye-routedesvins.com\/contact\/\" \/>\n<meta property=\"og:site_name\" content=\"Rally Route des Vins\" \/>\n<meta property=\"article:modified_time\" content=\"2023-08-19T12:45:13+00:00\" \/>\n<meta name=\"twitter:card\" content=\"summary_large_image\" \/>\n<meta name=\"twitter:label1\" content=\"Est. reading time\" \/>\n\t<meta name=\"twitter:data1\" content=\"2 minutes\" \/>\n<script type=\"application\/ld+json\" class=\"yoast-schema-graph\">{\"@context\":\"https:\/\/schema.org\",\"@graph\":[{\"@type\":\"WebPage\",\"@id\":\"http:\/\/rallye-routedesvins.com\/contact\/\",\"url\":\"http:\/\/rallye-routedesvins.com\/contact\/\",\"name\":\"Contact us - Rally Route des Vins\",\"isPartOf\":{\"@id\":\"http:\/\/rallye-routedesvins.com\/#website\"},\"datePublished\":\"2017-01-26T15:34:49+00:00\",\"dateModified\":\"2023-08-19T12:45:13+00:00\",\"breadcrumb\":{\"@id\":\"http:\/\/rallye-routedesvins.com\/contact\/#breadcrumb\"},\"inLanguage\":\"en-US\",\"potentialAction\":[{\"@type\":\"ReadAction\",\"target\":[\"http:\/\/rallye-routedesvins.com\/contact\/\"]}]},{\"@type\":\"BreadcrumbList\",\"@id\":\"http:\/\/rallye-routedesvins.com\/contact\/#breadcrumb\",\"itemListElement\":[{\"@type\":\"ListItem\",\"position\":1,\"name\":\"Accueil\",\"item\":\"http:\/\/rallye-routedesvins.com\/\"},{\"@type\":\"ListItem\",\"position\":2,\"name\":\"Contact\"}]},{\"@type\":\"WebSite\",\"@id\":\"http:\/\/rallye-routedesvins.com\/#website\",\"url\":\"http:\/\/rallye-routedesvins.com\/\",\"name\":\"Rally Route des Vins\",\"description\":\"Rally Route des Vins\",\"potentialAction\":[{\"@type\":\"SearchAction\",\"target\":{\"@type\":\"EntryPoint\",\"urlTemplate\":\"http:\/\/rallye-routedesvins.com\/?s={search_term_string}\"},\"query-input\":{\"@type\":\"PropertyValueSpecification\",\"valueRequired\":true,\"valueName\":\"search_term_string\"}}],\"inLanguage\":\"en-US\"}]}<\/script>\n<!-- \/ Yoast SEO plugin. -->","yoast_head_json":{"title":"Contact us - Rally Route des Vins","robots":{"index":"index","follow":"follow","max-snippet":"max-snippet:-1","max-image-preview":"max-image-preview:large","max-video-preview":"max-video-preview:-1"},"canonical":"http:\/\/rallye-routedesvins.com\/contact\/","og_locale":"en_US","og_type":"article","og_title":"Contact us - Rally Route des Vins","og_url":"http:\/\/rallye-routedesvins.com\/contact\/","og_site_name":"Rally Route des Vins","article_modified_time":"2023-08-19T12:45:13+00:00","twitter_card":"summary_large_image","twitter_misc":{"Est. reading time":"2 minutes"},"schema":{"@context":"https:\/\/schema.org","@graph":[{"@type":"WebPage","@id":"http:\/\/rallye-routedesvins.com\/contact\/","url":"http:\/\/rallye-routedesvins.com\/contact\/","name":"Contact us - Rally Route des Vins","isPartOf":{"@id":"http:\/\/rallye-routedesvins.com\/#website"},"datePublished":"2017-01-26T15:34:49+00:00","dateModified":"2023-08-19T12:45:13+00:00","breadcrumb":{"@id":"http:\/\/rallye-routedesvins.com\/contact\/#breadcrumb"},"inLanguage":"en-US","potentialAction":[{"@type":"ReadAction","target":["http:\/\/rallye-routedesvins.com\/contact\/"]}]},{"@type":"BreadcrumbList","@id":"http:\/\/rallye-routedesvins.com\/contact\/#breadcrumb","itemListElement":[{"@type":"ListItem","position":1,"name":"Accueil","item":"http:\/\/rallye-routedesvins.com\/"},{"@type":"ListItem","position":2,"name":"Contact"}]},{"@type":"WebSite","@id":"http:\/\/rallye-routedesvins.com\/#website","url":"http:\/\/rallye-routedesvins.com\/","name":"Rally Route des Vins","description":"Rally Route des Vins","potentialAction":[{"@type":"SearchAction","target":{"@type":"EntryPoint","urlTemplate":"http:\/\/rallye-routedesvins.com\/?s={search_term_string}"},"query-input":{"@type":"PropertyValueSpecification","valueRequired":true,"valueName":"search_term_string"}}],"inLanguage":"en-US"}]}},"_links":{"self":[{"href":"http:\/\/rallye-routedesvins.com\/en\/wp-json\/wp\/v2\/pages\/119"}],"collection":[{"href":"http:\/\/rallye-routedesvins.com\/en\/wp-json\/wp\/v2\/pages"}],"about":[{"href":"http:\/\/rallye-routedesvins.com\/en\/wp-json\/wp\/v2\/types\/page"}],"author":[{"embeddable":true,"href":"http:\/\/rallye-routedesvins.com\/en\/wp-json\/wp\/v2\/users\/4"}],"replies":[{"embeddable":true,"href":"http:\/\/rallye-routedesvins.com\/en\/wp-json\/wp\/v2\/comments?post=119"}],"version-history":[{"count":2,"href":"http:\/\/rallye-routedesvins.com\/en\/wp-json\/wp\/v2\/pages\/119\/revisions"}],"predecessor-version":[{"id":7339,"href":"http:\/\/rallye-routedesvins.com\/en\/wp-json\/wp\/v2\/pages\/119\/revisions\/7339"}],"wp:attachment":[{"href":"http:\/\/rallye-routedesvins.com\/en\/wp-json\/wp\/v2\/media?parent=119"}],"curies":[{"name":"wp","href":"https:\/\/api.w.org\/{rel}","templated":true}]}}